{"id":154768,"date":"2021-12-20T15:16:32","date_gmt":"2021-12-20T15:16:32","guid":{"rendered":"https:\/\/onedesk.com\/gar-live-till-kunder\/"},"modified":"2022-01-21T21:37:27","modified_gmt":"2022-01-21T21:37:27","slug":"gar-live-till-kunder","status":"publish","type":"page","link":"https:\/\/onedesk.com\/sv\/gar-live-till-kunder\/","title":{"rendered":"S\u00e4nds live till kunderna"},"content":{"rendered":"\t\t<div data-elementor-type=\"wp-page\" data-elementor-id=\"154768\" class=\"elementor elementor-154768 elementor-144072\" data-elementor-post-type=\"page\">\n\t\t\t\t\t\t<section class=\"elementor-section elementor-top-section elementor-element elementor-element-d8872a1 elementor-section-boxed elementor-section-height-default elementor-section-height-default\" data-id=\"d8872a1\" data-element_type=\"section\" data-e-type=\"section\">\n\t\t\t\t\t\t<div class=\"elementor-container elementor-column-gap-default\">\n\t\t\t\t\t<div class=\"elementor-column elementor-col-100 elementor-top-column elementor-element elementor-element-716e9b9b\" data-id=\"716e9b9b\" data-element_type=\"column\" data-e-type=\"column\">\n\t\t\t<div class=\"elementor-widget-wrap elementor-element-populated\">\n\t\t\t\t\t\t\t<\/div>\n\t\t<\/div>\n\t\t\t\t\t<\/div>\n\t\t<\/section>\n\t\t\t\t<section class=\"elementor-section elementor-top-section elementor-element elementor-element-5232b60f elementor-section-boxed elementor-section-height-default elementor-section-height-default\" data-id=\"5232b60f\" data-element_type=\"section\" data-e-type=\"section\">\n\t\t\t\t\t\t<div class=\"elementor-container elementor-column-gap-default\">\n\t\t\t\t\t<div class=\"elementor-column elementor-col-33 elementor-top-column elementor-element elementor-element-7982d243\" data-id=\"7982d243\" data-element_type=\"column\" data-e-type=\"column\">\n\t\t\t<div class=\"elementor-widget-wrap elementor-element-populated\">\n\t\t\t\t\t\t<div class=\"elementor-element elementor-element-2e446fcb elementor-widget elementor-widget-heading\" data-id=\"2e446fcb\" data-element_type=\"widget\" data-e-type=\"widget\" data-widget_type=\"heading.default\">\n\t\t\t\t<div class=\"elementor-widget-container\">\n\t\t\t\t\t<h4 class=\"elementor-heading-title elementor-size-default\">Inneh\u00e5llsf\u00f6rteckning<\/h4>\t\t\t\t<\/div>\n\t\t\t\t<\/div>\n\t\t\t\t<div class=\"elementor-element elementor-element-dfdd81f elementor-nav-menu--dropdown-tablet elementor-nav-menu__text-align-aside elementor-nav-menu--toggle elementor-nav-menu--burger elementor-widget elementor-widget-nav-menu\" data-id=\"dfdd81f\" data-element_type=\"widget\" data-e-type=\"widget\" data-settings=\"{&quot;layout&quot;:&quot;vertical&quot;,&quot;submenu_icon&quot;:{&quot;value&quot;:&quot;&lt;i class=\\&quot;fas fa-caret-down\\&quot; aria-hidden=\\&quot;true\\&quot;&gt;&lt;\\\/i&gt;&quot;,&quot;library&quot;:&quot;fa-solid&quot;},&quot;toggle&quot;:&quot;burger&quot;}\" data-widget_type=\"nav-menu.default\">\n\t\t\t\t<div class=\"elementor-widget-container\">\n\t\t\t\t\t\t\t\t<nav aria-label=\"Menu\" class=\"elementor-nav-menu--main elementor-nav-menu__container elementor-nav-menu--layout-vertical e--pointer-underline e--animation-fade\">\n\t\t\t\t<ul id=\"menu-1-dfdd81f\" class=\"elementor-nav-menu sm-vertical\"><li class=\"menu-item menu-item-type-post_type menu-item-object-page menu-item-157407\"><a href=\"https:\/\/onedesk.com\/sv\/forsta-10-minuter-i-onedesk\/\" class=\"elementor-item menu-link\">F\u00f6rsta 10 minuterna i OneDesk<\/a><\/li>\n<li class=\"menu-item menu-item-type-post_type menu-item-object-page menu-item-157408\"><a href=\"https:\/\/onedesk.com\/sv\/ombord-pa-ditt-team\/\" class=\"elementor-item menu-link\">Introduktion till ditt team<\/a><\/li>\n<li class=\"menu-item menu-item-type-post_type menu-item-object-page menu-item-157409\"><a href=\"https:\/\/onedesk.com\/sv\/prenumeration-going-pro\/\" class=\"elementor-item menu-link\">Prenumerera &amp; Going Pro<\/a><\/li>\n<li class=\"menu-item menu-item-type-post_type menu-item-object-page menu-item-157410\"><a href=\"https:\/\/onedesk.com\/sv\/gar-live-till-kunder\/\" class=\"elementor-item menu-link\">S\u00e4nds live till kunderna<\/a><\/li>\n<li class=\"menu-item menu-item-type-post_type menu-item-object-page menu-item-157411\"><a href=\"https:\/\/onedesk.com\/sv\/biljett-routing-arbetsfloden\/\" class=\"elementor-item menu-link\">Ticket Routing &amp; Workflows<\/a><\/li>\n<li class=\"menu-item menu-item-type-post_type menu-item-object-page menu-item-157412\"><a href=\"https:\/\/onedesk.com\/sv\/projekt-ledning-uppgift-arbetsfloden\/\" class=\"elementor-item menu-link\">Projektledning och arbetsfl\u00f6den<\/a><\/li>\n<li class=\"menu-item menu-item-type-post_type menu-item-object-page menu-item-157413\"><a href=\"https:\/\/onedesk.com\/sv\/kommunicera-med-kunder\/\" class=\"elementor-item menu-link\">Kommunicera med kunder<\/a><\/li>\n<li class=\"menu-item menu-item-type-post_type menu-item-object-page menu-item-157459\"><a href=\"https:\/\/onedesk.com\/sv\/sparningsarbete\/\" class=\"elementor-item menu-link\">Sp\u00e5rningsarbete<\/a><\/li>\n<\/ul>\t\t\t<\/nav>\n\t\t\t\t\t<div class=\"elementor-menu-toggle\" role=\"button\" tabindex=\"0\" aria-label=\"Menu Toggle\" aria-expanded=\"false\">\n\t\t\t<i aria-hidden=\"true\" role=\"presentation\" class=\"elementor-menu-toggle__icon--open eicon-menu-bar\"><\/i><i aria-hidden=\"true\" role=\"presentation\" class=\"elementor-menu-toggle__icon--close eicon-close\"><\/i>\t\t<\/div>\n\t\t\t\t\t<nav class=\"elementor-nav-menu--dropdown elementor-nav-menu__container\" aria-hidden=\"true\">\n\t\t\t\t<ul id=\"menu-2-dfdd81f\" class=\"elementor-nav-menu sm-vertical\"><li class=\"menu-item menu-item-type-post_type menu-item-object-page menu-item-157407\"><a href=\"https:\/\/onedesk.com\/sv\/forsta-10-minuter-i-onedesk\/\" class=\"elementor-item menu-link\" tabindex=\"-1\">F\u00f6rsta 10 minuterna i OneDesk<\/a><\/li>\n<li class=\"menu-item menu-item-type-post_type menu-item-object-page menu-item-157408\"><a href=\"https:\/\/onedesk.com\/sv\/ombord-pa-ditt-team\/\" class=\"elementor-item menu-link\" tabindex=\"-1\">Introduktion till ditt team<\/a><\/li>\n<li class=\"menu-item menu-item-type-post_type menu-item-object-page menu-item-157409\"><a href=\"https:\/\/onedesk.com\/sv\/prenumeration-going-pro\/\" class=\"elementor-item menu-link\" tabindex=\"-1\">Prenumerera &amp; Going Pro<\/a><\/li>\n<li class=\"menu-item menu-item-type-post_type menu-item-object-page menu-item-157410\"><a href=\"https:\/\/onedesk.com\/sv\/gar-live-till-kunder\/\" class=\"elementor-item menu-link\" tabindex=\"-1\">S\u00e4nds live till kunderna<\/a><\/li>\n<li class=\"menu-item menu-item-type-post_type menu-item-object-page menu-item-157411\"><a href=\"https:\/\/onedesk.com\/sv\/biljett-routing-arbetsfloden\/\" class=\"elementor-item menu-link\" tabindex=\"-1\">Ticket Routing &amp; Workflows<\/a><\/li>\n<li class=\"menu-item menu-item-type-post_type menu-item-object-page menu-item-157412\"><a href=\"https:\/\/onedesk.com\/sv\/projekt-ledning-uppgift-arbetsfloden\/\" class=\"elementor-item menu-link\" tabindex=\"-1\">Projektledning och arbetsfl\u00f6den<\/a><\/li>\n<li class=\"menu-item menu-item-type-post_type menu-item-object-page menu-item-157413\"><a href=\"https:\/\/onedesk.com\/sv\/kommunicera-med-kunder\/\" class=\"elementor-item menu-link\" tabindex=\"-1\">Kommunicera med kunder<\/a><\/li>\n<li class=\"menu-item menu-item-type-post_type menu-item-object-page menu-item-157459\"><a href=\"https:\/\/onedesk.com\/sv\/sparningsarbete\/\" class=\"elementor-item menu-link\" tabindex=\"-1\">Sp\u00e5rningsarbete<\/a><\/li>\n<\/ul>\t\t\t<\/nav>\n\t\t\t\t\t\t<\/div>\n\t\t\t\t<\/div>\n\t\t\t\t<div class=\"elementor-element elementor-element-375bf3b0 elementor-widget elementor-widget-heading\" data-id=\"375bf3b0\" data-element_type=\"widget\" data-e-type=\"widget\" data-widget_type=\"heading.default\">\n\t\t\t\t<div class=\"elementor-widget-container\">\n\t\t\t\t\t<h4 class=\"elementor-heading-title elementor-size-default\">Dykning djupare<\/h4>\t\t\t\t<\/div>\n\t\t\t\t<\/div>\n\t\t\t\t<div class=\"elementor-element elementor-element-53a4fd9 elementor-nav-menu--dropdown-tablet elementor-nav-menu__text-align-aside elementor-nav-menu--toggle elementor-nav-menu--burger elementor-widget elementor-widget-nav-menu\" data-id=\"53a4fd9\" data-element_type=\"widget\" data-e-type=\"widget\" data-settings=\"{&quot;layout&quot;:&quot;vertical&quot;,&quot;submenu_icon&quot;:{&quot;value&quot;:&quot;&lt;i class=\\&quot;fas fa-caret-down\\&quot; aria-hidden=\\&quot;true\\&quot;&gt;&lt;\\\/i&gt;&quot;,&quot;library&quot;:&quot;fa-solid&quot;},&quot;toggle&quot;:&quot;burger&quot;}\" data-widget_type=\"nav-menu.default\">\n\t\t\t\t<div class=\"elementor-widget-container\">\n\t\t\t\t\t\t\t\t<nav aria-label=\"Menu\" class=\"elementor-nav-menu--main elementor-nav-menu__container elementor-nav-menu--layout-vertical e--pointer-underline e--animation-fade\">\n\t\t\t\t<ul id=\"menu-1-53a4fd9\" class=\"elementor-nav-menu sm-vertical\"><li class=\"menu-item menu-item-type-post_type menu-item-object-page menu-item-157506\"><a href=\"https:\/\/onedesk.com\/sv\/anpassa-ditt-arbetsflode\/\" class=\"elementor-item menu-link\">Anpassa ditt arbetsfl\u00f6de<\/a><\/li>\n<li class=\"menu-item menu-item-type-post_type menu-item-object-page menu-item-157507\"><a href=\"https:\/\/onedesk.com\/sv\/anpassa-din-anvandarupplevelse\/\" class=\"elementor-item menu-link\">Anpassa dina anv\u00e4ndares upplevelse<\/a><\/li>\n<li class=\"menu-item menu-item-type-post_type menu-item-object-page menu-item-157508\"><a href=\"https:\/\/onedesk.com\/sv\/anpassa-dina-kunder-upplevelse\/\" class=\"elementor-item menu-link\">Anpassa dina kunders upplevelse<\/a><\/li>\n<li class=\"menu-item menu-item-type-post_type menu-item-object-page menu-item-157509\"><a href=\"https:\/\/onedesk.com\/sv\/hanterande-anvandare\/\" class=\"elementor-item menu-link\">Hantera anv\u00e4ndare<\/a><\/li>\n<li class=\"menu-item menu-item-type-post_type menu-item-object-page menu-item-157510\"><a href=\"https:\/\/onedesk.com\/sv\/hantera-kunder\/\" class=\"elementor-item menu-link\">Hantera kunder<\/a><\/li>\n<li class=\"menu-item menu-item-type-post_type menu-item-object-page menu-item-157511\"><a href=\"https:\/\/onedesk.com\/sv\/onedesk-kunskapsbas\/\" class=\"elementor-item menu-link\">OneDesk kunskapsbas<\/a><\/li>\n<li class=\"menu-item menu-item-type-post_type menu-item-object-page menu-item-157512\"><a href=\"https:\/\/onedesk.com\/sv\/onedesk-live-chatt\/\" class=\"elementor-item menu-link\">OneDesk Live Chat<\/a><\/li>\n<li class=\"menu-item menu-item-type-post_type menu-item-object-page menu-item-157513\"><a href=\"https:\/\/onedesk.com\/sv\/onedesk-klient-portal\/\" class=\"elementor-item menu-link\">OneDesk klientportal<\/a><\/li>\n<li class=\"menu-item menu-item-type-post_type menu-item-object-page menu-item-157514\"><a href=\"https:\/\/onedesk.com\/sv\/analyser\/\" class=\"elementor-item menu-link\">Analytics<\/a><\/li>\n<\/ul>\t\t\t<\/nav>\n\t\t\t\t\t<div class=\"elementor-menu-toggle\" role=\"button\" tabindex=\"0\" aria-label=\"Menu Toggle\" aria-expanded=\"false\">\n\t\t\t<i aria-hidden=\"true\" role=\"presentation\" class=\"elementor-menu-toggle__icon--open eicon-menu-bar\"><\/i><i aria-hidden=\"true\" role=\"presentation\" class=\"elementor-menu-toggle__icon--close eicon-close\"><\/i>\t\t<\/div>\n\t\t\t\t\t<nav class=\"elementor-nav-menu--dropdown elementor-nav-menu__container\" aria-hidden=\"true\">\n\t\t\t\t<ul id=\"menu-2-53a4fd9\" class=\"elementor-nav-menu sm-vertical\"><li class=\"menu-item menu-item-type-post_type menu-item-object-page menu-item-157506\"><a href=\"https:\/\/onedesk.com\/sv\/anpassa-ditt-arbetsflode\/\" class=\"elementor-item menu-link\" tabindex=\"-1\">Anpassa ditt arbetsfl\u00f6de<\/a><\/li>\n<li class=\"menu-item menu-item-type-post_type menu-item-object-page menu-item-157507\"><a href=\"https:\/\/onedesk.com\/sv\/anpassa-din-anvandarupplevelse\/\" class=\"elementor-item menu-link\" tabindex=\"-1\">Anpassa dina anv\u00e4ndares upplevelse<\/a><\/li>\n<li class=\"menu-item menu-item-type-post_type menu-item-object-page menu-item-157508\"><a href=\"https:\/\/onedesk.com\/sv\/anpassa-dina-kunder-upplevelse\/\" class=\"elementor-item menu-link\" tabindex=\"-1\">Anpassa dina kunders upplevelse<\/a><\/li>\n<li class=\"menu-item menu-item-type-post_type menu-item-object-page menu-item-157509\"><a href=\"https:\/\/onedesk.com\/sv\/hanterande-anvandare\/\" class=\"elementor-item menu-link\" tabindex=\"-1\">Hantera anv\u00e4ndare<\/a><\/li>\n<li class=\"menu-item menu-item-type-post_type menu-item-object-page menu-item-157510\"><a href=\"https:\/\/onedesk.com\/sv\/hantera-kunder\/\" class=\"elementor-item menu-link\" tabindex=\"-1\">Hantera kunder<\/a><\/li>\n<li class=\"menu-item menu-item-type-post_type menu-item-object-page menu-item-157511\"><a href=\"https:\/\/onedesk.com\/sv\/onedesk-kunskapsbas\/\" class=\"elementor-item menu-link\" tabindex=\"-1\">OneDesk kunskapsbas<\/a><\/li>\n<li class=\"menu-item menu-item-type-post_type menu-item-object-page menu-item-157512\"><a href=\"https:\/\/onedesk.com\/sv\/onedesk-live-chatt\/\" class=\"elementor-item menu-link\" tabindex=\"-1\">OneDesk Live Chat<\/a><\/li>\n<li class=\"menu-item menu-item-type-post_type menu-item-object-page menu-item-157513\"><a href=\"https:\/\/onedesk.com\/sv\/onedesk-klient-portal\/\" class=\"elementor-item menu-link\" tabindex=\"-1\">OneDesk klientportal<\/a><\/li>\n<li class=\"menu-item menu-item-type-post_type menu-item-object-page menu-item-157514\"><a href=\"https:\/\/onedesk.com\/sv\/analyser\/\" class=\"elementor-item menu-link\" tabindex=\"-1\">Analytics<\/a><\/li>\n<\/ul>\t\t\t<\/nav>\n\t\t\t\t\t\t<\/div>\n\t\t\t\t<\/div>\n\t\t\t\t\t<\/div>\n\t\t<\/div>\n\t\t\t\t<div class=\"elementor-column elementor-col-66 elementor-top-column elementor-element elementor-element-78dfa67\" data-id=\"78dfa67\" data-element_type=\"column\" data-e-type=\"column\">\n\t\t\t<div class=\"elementor-widget-wrap elementor-element-populated\">\n\t\t\t\t\t\t<div class=\"elementor-element elementor-element-27dd3185 elementor-widget elementor-widget-html\" data-id=\"27dd3185\" data-element_type=\"widget\" data-e-type=\"widget\" data-widget_type=\"html.default\">\n\t\t\t\t<div class=\"elementor-widget-container\">\n\t\t\t\t\t<p>\nRedo att betj\u00e4na dina kunder? N\u00e4r du har blivit proffs kan du nu l\u00e4gga till\/ladda upp dina kunder och b\u00f6rja ta emot deras arbetsf\u00f6rfr\u00e5gningar. OneDesks snabbinstallationsguide hj\u00e4lper dig att st\u00e4lla in automatisk vidarebefordran av e-post och inkluderar instruktioner om hur du placerar OneDesk-kundapparna p\u00e5 din webbplats.<\/p>\n<\/br>\n<h2>Vidarebefordran av e-post<\/h2>\n<br>\n<center><img fetchpriority=\"high\" decoding=\"async\" src=\"https:\/\/onedesk.com\/wp-content\/uploads\/2021\/09\/06-Email-to-Ticket-1.png\" alt=\"Mejla till Ticket\" width=\"991\" height=\"568\" class=\"alignnone size-full wp-image-127169\"><\/center>\n<br>\n<p>Du kan st\u00e4lla in automatisk vidarebefordran av e-post i OneDesk, vilket g\u00f6r att du kan l\u00e4nka dina support-e-postkonton direkt till din Ticket-app i OneDesk. Du kan st\u00e4lla in detta fr\u00e5n din administrationssektion eller fr\u00e5n OneDesk Quick Setup Wizard i din Kom ig\u00e5ng-guide i toppnavigeringen.<\/p>\n\n<p>L\u00e4s mer om vidarebefordran av e-post till biljett h\u00e4r: <a href=\"https:\/\/onedesk.com\/auto-forwarding-your-email-to-onedesk-using-gmail-gsuite\/\">Gmail<\/a> <a href=\"https:\/\/onedesk.com\/auto-forwarding-redirecting-your-email-to-onedesk-using-outlook\/\">Outlook<\/a><\/p>\n<br>\n<h2>L\u00e4gga till kundappar p\u00e5 din webbplats<\/h2>\n<br>\n<center><img decoding=\"async\" src=\"https:\/\/onedesk.com\/wp-content\/uploads\/2021\/10\/Adding-Customer-Apps-on-Your-Site.jpg\" alt=\"L\u00e4gga till kundappar p\u00e5 din webbplats\" width=\"1000\" class=\"alignleft size-full wp-image-139827\"><\/center>\n<br>\n<p>Du kan l\u00e4gga till dina kundinriktade applikationer p\u00e5 din webbplats s\u00e5 att dina kunder kan interagera med dig p\u00e5 n\u00e5gra olika s\u00e4tt. Det f\u00f6rsta s\u00e4ttet \u00e4r att l\u00e4gga till ett utdrag p\u00e5 din webbplats och det andra \u00e4r genom v\u00e5rt <a href=\"https:\/\/wordpress.org\/plugins\/onedesk\/\">plugin f\u00f6r wordpress<\/a> .<\/p>\n<br>\n<button class=\"guidebutton\" onclick=\"window.location.href='\/subscribing-going-pro\/';\"><Previous{{{wpml_tag_32}}}\n{{{wpml_tag_33}}}Next ><\/button>\t\t\t\t<\/div>\n\t\t\t\t<\/div>\n\t\t\t\t\t<\/div>\n\t\t<\/div>\n\t\t\t\t\t<\/div>\n\t\t<\/section>\n\t\t\t\t<\/div>\n\t\t","protected":false},"excerpt":{"rendered":"<p>Inneh\u00e5llsf\u00f6rteckning Dykning djupare Redo att betj\u00e4na dina kunder? N\u00e4r du har blivit proffs kan du nu l\u00e4gga till\/ladda upp dina kunder och b\u00f6rja ta emot deras arbetsf\u00f6rfr\u00e5gningar. OneDesks snabbinstallationsguide hj\u00e4lper dig att st\u00e4lla in automatisk vidarebefordran av e-post och inkluderar instruktioner om hur du placerar OneDesk-kundapparna p\u00e5 din webbplats. Vidarebefordran av e-post Du kan st\u00e4lla [&hellip;]<\/p>\n","protected":false},"author":27,"featured_media":0,"parent":0,"menu_order":0,"comment_status":"closed","ping_status":"closed","template":"","meta":{"tpgb_global_settings":"","_crdt_document":"","inline_featured_image":false,"site-sidebar-layout":"no-sidebar","site-content-layout":"page-builder","ast-site-content-layout":"default","site-content-style":"default","site-sidebar-style":"default","ast-global-header-display":"","ast-banner-title-visibility":"","ast-main-header-display":"","ast-hfb-above-header-display":"","ast-hfb-below-header-display":"","ast-hfb-mobile-header-display":"","site-post-title":"disabled","ast-breadcrumbs-content":"","ast-featured-img":"disabled","footer-sml-layout":"","ast-disable-related-posts":"","theme-transparent-header-meta":"","adv-header-id-meta":"","stick-header-meta":"","header-above-stick-meta":"","header-main-stick-meta":"","header-below-stick-meta":"","astra-migrate-meta-layouts":"default","ast-page-background-enabled":"default","ast-page-background-meta":{"desktop":{"background-color":"var(--ast-global-color-4)","background-image":"","background-repeat":"repeat","background-position":"center center","background-size":"auto","background-attachment":"scroll","background-type":"","background-media":"","overlay-type":"","overlay-color":"","overlay-opacity":"","overlay-gradient":""},"tablet":{"background-color":"","background-image":"","background-repeat":"repeat","background-position":"center center","background-size":"auto","background-attachment":"scroll","background-type":"","background-media":"","overlay-type":"","overlay-color":"","overlay-opacity":"","overlay-gradient":""},"mobile":{"background-color":"","background-image":"","background-repeat":"repeat","background-position":"center center","background-size":"auto","background-attachment":"scroll","background-type":"","background-media":"","overlay-type":"","overlay-color":"","overlay-opacity":"","overlay-gradient":""}},"ast-content-background-meta":{"desktop":{"background-color":"var(--ast-global-color-5)","background-image":"","background-repeat":"repeat","background-position":"center center","background-size":"auto","background-attachment":"scroll","background-type":"","background-media":"","overlay-type":"","overlay-color":"","overlay-opacity":"","overlay-gradient":""},"tablet":{"background-color":"var(--ast-global-color-5)","background-image":"","background-repeat":"repeat","background-position":"center center","background-size":"auto","background-attachment":"scroll","background-type":"","background-media":"","overlay-type":"","overlay-color":"","overlay-opacity":"","overlay-gradient":""},"mobile":{"background-color":"var(--ast-global-color-5)","background-image":"","background-repeat":"repeat","background-position":"center center","background-size":"auto","background-attachment":"scroll","background-type":"","background-media":"","overlay-type":"","overlay-color":"","overlay-opacity":"","overlay-gradient":""}},"footnotes":""},"class_list":["post-154768","page","type-page","status-publish","hentry"],"yoast_head":"<!-- This site is optimized with the Yoast SEO Premium plugin v27.6 (Yoast SEO v27.6) - https:\/\/yoast.com\/product\/yoast-seo-premium-wordpress\/ -->\n<title>Betj\u00e4na dina kunder | OneDesk HelpDesk &amp; PM Onboarding Guide<\/title>\n<meta name=\"description\" content=\"OneDesk \u00e4r en helpdesk- och projektledningsprogramvara i en applikation. L\u00e4r dig hur du konfigurerar ditt kundsupportsystem.\" \/>\n<meta name=\"robots\" content=\"index, follow, max-snippet:-1, max-image-preview:large, max-video-preview:-1\" \/>\n<link rel=\"canonical\" href=\"https:\/\/onedesk.com\/sv\/gar-live-till-kunder\/\" \/>\n<meta property=\"og:locale\" content=\"sv_SE\" \/>\n<meta property=\"og:type\" content=\"article\" \/>\n<meta property=\"og:title\" content=\"Betj\u00e4na dina kunder | OneDesk HelpDesk &amp; PM Onboarding Guide\" \/>\n<meta property=\"og:description\" content=\"OneDesk \u00e4r en helpdesk- och projektledningsprogramvara i en applikation. L\u00e4r dig hur du konfigurerar ditt kundsupportsystem.\" \/>\n<meta property=\"og:url\" content=\"https:\/\/onedesk.com\/sv\/gar-live-till-kunder\/\" \/>\n<meta property=\"og:site_name\" content=\"OneDesk\" \/>\n<meta property=\"article:publisher\" content=\"https:\/\/www.facebook.com\/OneDeskApp\" \/>\n<meta property=\"article:modified_time\" content=\"2022-01-21T21:37:27+00:00\" \/>\n<meta property=\"og:image\" content=\"https:\/\/onedesk.com\/wp-content\/uploads\/2021\/09\/06-Email-to-Ticket-1.png\" \/>\n<meta name=\"twitter:card\" content=\"summary_large_image\" \/>\n<meta name=\"twitter:site\" content=\"@OneDeskApp\" \/>\n<meta name=\"twitter:label1\" content=\"Est. reading time\" \/>\n\t<meta name=\"twitter:data1\" content=\"1 minute\" \/>\n<!-- \/ Yoast SEO Premium plugin. -->","yoast_head_json":{"title":"Betj\u00e4na dina kunder | OneDesk HelpDesk & PM Onboarding Guide","description":"OneDesk \u00e4r en helpdesk- och projektledningsprogramvara i en applikation. L\u00e4r dig hur du konfigurerar ditt kundsupportsystem.","robots":{"index":"index","follow":"follow","max-snippet":"max-snippet:-1","max-image-preview":"max-image-preview:large","max-video-preview":"max-video-preview:-1"},"canonical":"https:\/\/onedesk.com\/sv\/gar-live-till-kunder\/","og_locale":"sv_SE","og_type":"article","og_title":"Betj\u00e4na dina kunder | OneDesk HelpDesk & PM Onboarding Guide","og_description":"OneDesk \u00e4r en helpdesk- och projektledningsprogramvara i en applikation. L\u00e4r dig hur du konfigurerar ditt kundsupportsystem.","og_url":"https:\/\/onedesk.com\/sv\/gar-live-till-kunder\/","og_site_name":"OneDesk","article_publisher":"https:\/\/www.facebook.com\/OneDeskApp","article_modified_time":"2022-01-21T21:37:27+00:00","og_image":[{"url":"https:\/\/onedesk.com\/wp-content\/uploads\/2021\/09\/06-Email-to-Ticket-1.png","type":"","width":"","height":""}],"twitter_card":"summary_large_image","twitter_site":"@OneDeskApp","twitter_misc":{"Est. reading time":"1 minute"},"schema":{"@context":"https:\/\/schema.org","@graph":[{"@type":"WebPage","@id":"https:\/\/onedesk.com\/sv\/gar-live-till-kunder\/","url":"https:\/\/onedesk.com\/sv\/gar-live-till-kunder\/","name":"Betj\u00e4na dina kunder | OneDesk HelpDesk & PM Onboarding Guide","isPartOf":{"@id":"https:\/\/onedesk.com\/sv\/#website"},"primaryImageOfPage":{"@id":"https:\/\/onedesk.com\/sv\/gar-live-till-kunder\/#primaryimage"},"image":{"@id":"https:\/\/onedesk.com\/sv\/gar-live-till-kunder\/#primaryimage"},"thumbnailUrl":"https:\/\/onedesk.com\/wp-content\/uploads\/2021\/09\/06-Email-to-Ticket-1.png","datePublished":"2021-12-20T15:16:32+00:00","dateModified":"2022-01-21T21:37:27+00:00","description":"OneDesk \u00e4r en helpdesk- och projektledningsprogramvara i en applikation. L\u00e4r dig hur du konfigurerar ditt kundsupportsystem.","inLanguage":"sv-SE","potentialAction":[{"@type":"ReadAction","target":["https:\/\/onedesk.com\/sv\/gar-live-till-kunder\/"]}]},{"@type":"ImageObject","inLanguage":"sv-SE","@id":"https:\/\/onedesk.com\/sv\/gar-live-till-kunder\/#primaryimage","url":"https:\/\/onedesk.com\/wp-content\/uploads\/2021\/09\/06-Email-to-Ticket-1.png","contentUrl":"https:\/\/onedesk.com\/wp-content\/uploads\/2021\/09\/06-Email-to-Ticket-1.png"},{"@type":"WebSite","@id":"https:\/\/onedesk.com\/sv\/#website","url":"https:\/\/onedesk.com\/sv\/","name":"OneDesk","description":"Projektledning &amp; Helpdesk-programvara","publisher":{"@id":"https:\/\/onedesk.com\/sv\/#organization"},"potentialAction":[{"@type":"SearchAction","target":{"@type":"EntryPoint","urlTemplate":"https:\/\/onedesk.com\/sv\/?s={search_term_string}"},"query-input":{"@type":"PropertyValueSpecification","valueRequired":true,"valueName":"search_term_string"}}],"inLanguage":"sv-SE"},{"@type":"Organization","@id":"https:\/\/onedesk.com\/sv\/#organization","name":"OneDesk","url":"https:\/\/onedesk.com\/sv\/","logo":{"@type":"ImageObject","inLanguage":"sv-SE","@id":"https:\/\/onedesk.com\/sv\/#\/schema\/logo\/image\/","url":"https:\/\/onedesk.com\/wp-content\/uploads\/2016\/01\/white-logo-small.png","contentUrl":"https:\/\/onedesk.com\/wp-content\/uploads\/2016\/01\/white-logo-small.png","width":207,"height":40,"caption":"OneDesk"},"image":{"@id":"https:\/\/onedesk.com\/sv\/#\/schema\/logo\/image\/"},"sameAs":["https:\/\/www.facebook.com\/OneDeskApp","https:\/\/x.com\/OneDeskApp","https:\/\/www.instagram.com\/onedeskapp\/","https:\/\/www.linkedin.com\/company\/onedesk-inc-1","https:\/\/www.pinterest.com\/onedesk\/","https:\/\/www.youtube.com\/user\/OneDeskApp"]}]}},"tpgb_featured_images":null,"tpgb_post_meta_info":{"get_date":"December 20, 2021","get_modified_date":"January 21, 2022","author_name":"Sabrin Yusef","author_url":"https:\/\/onedesk.com\/sv\/author\/sarbin-yusef\/","author_email":"sabrin.yusef@onedesk.com","author_website":"","author_description":"","author_facebook":"","author_twitter":"","author_instagram":"","author_role":["customer"],"author_firstname":"Sabrin","author_lastname":"Yusef","user_login":"sarbin.yusef","author_avatar":"<img alt='' src='https:\/\/secure.gravatar.com\/avatar\/1f20332b0900369c93c9c272e03885bde073bf214b3dd3eb4bea569a45bea588?s=200&#038;d=mm&#038;r=g' srcset='https:\/\/secure.gravatar.com\/avatar\/1f20332b0900369c93c9c272e03885bde073bf214b3dd3eb4bea569a45bea588?s=400&#038;d=mm&#038;r=g 2x' class='avatar avatar-200 photo' height='200' width='200' decoding='async'\/>","author_avatar_url":"https:\/\/secure.gravatar.com\/avatar\/1f20332b0900369c93c9c272e03885bde073bf214b3dd3eb4bea569a45bea588?s=96&d=mm&r=g","comment_count":0,"post_likes":0,"post_views":0},"tpgb_post_category":[],"jetpack_shortlink":"https:\/\/wp.me\/PfpPaI-Egg","amp_enabled":true,"_links":{"self":[{"href":"https:\/\/onedesk.com\/sv\/wp-json\/wp\/v2\/pages\/154768","targetHints":{"allow":["GET"]}}],"collection":[{"href":"https:\/\/onedesk.com\/sv\/wp-json\/wp\/v2\/pages"}],"about":[{"href":"https:\/\/onedesk.com\/sv\/wp-json\/wp\/v2\/types\/page"}],"author":[{"embeddable":true,"href":"https:\/\/onedesk.com\/sv\/wp-json\/wp\/v2\/users\/27"}],"replies":[{"embeddable":true,"href":"https:\/\/onedesk.com\/sv\/wp-json\/wp\/v2\/comments?post=154768"}],"version-history":[{"count":7,"href":"https:\/\/onedesk.com\/sv\/wp-json\/wp\/v2\/pages\/154768\/revisions"}],"predecessor-version":[{"id":162223,"href":"https:\/\/onedesk.com\/sv\/wp-json\/wp\/v2\/pages\/154768\/revisions\/162223"}],"wp:attachment":[{"href":"https:\/\/onedesk.com\/sv\/wp-json\/wp\/v2\/media?parent=154768"}],"curies":[{"name":"wp","href":"https:\/\/api.w.org\/{rel}","templated":true}]}}