{"id":236256,"date":"2022-07-07T21:52:14","date_gmt":"2022-07-07T21:52:14","guid":{"rendered":"https:\/\/onedesk.com\/funktioner-index\/schemalaggning\/"},"modified":"2022-07-07T21:52:15","modified_gmt":"2022-07-07T21:52:15","slug":"schemalaggning","status":"publish","type":"page","link":"https:\/\/onedesk.com\/sv\/funktioner-index\/schemalaggning\/","title":{"rendered":"Schemal\u00e4ggning"},"content":{"rendered":"\t\t<div data-elementor-type=\"wp-page\" data-elementor-id=\"236256\" class=\"elementor elementor-236256 elementor-236228\" data-elementor-post-type=\"page\">\n\t\t\t\t\t\t<section class=\"elementor-section elementor-top-section elementor-element elementor-element-2378df4 elementor-section-boxed elementor-section-height-default elementor-section-height-default\" data-id=\"2378df4\" data-element_type=\"section\" data-e-type=\"section\">\n\t\t\t\t\t\t<div class=\"elementor-container elementor-column-gap-default\">\n\t\t\t\t\t<div class=\"elementor-column elementor-col-100 elementor-top-column elementor-element elementor-element-2d23672\" data-id=\"2d23672\" data-element_type=\"column\" data-e-type=\"column\">\n\t\t\t<div class=\"elementor-widget-wrap\">\n\t\t\t\t\t\t\t<\/div>\n\t\t<\/div>\n\t\t\t\t\t<\/div>\n\t\t<\/section>\n\t\t\t\t<section class=\"elementor-section elementor-top-section elementor-element elementor-element-88ee574 elementor-section-boxed elementor-section-height-default elementor-section-height-default\" data-id=\"88ee574\" data-element_type=\"section\" data-e-type=\"section\">\n\t\t\t\t\t\t<div class=\"elementor-container elementor-column-gap-default\">\n\t\t\t\t\t<div class=\"elementor-column elementor-col-100 elementor-top-column elementor-element elementor-element-14e4b3a\" data-id=\"14e4b3a\" data-element_type=\"column\" data-e-type=\"column\">\n\t\t\t<div class=\"elementor-widget-wrap elementor-element-populated\">\n\t\t\t\t\t\t<div class=\"elementor-element elementor-element-f89e55e elementor-widget elementor-widget-heading\" data-id=\"f89e55e\" data-element_type=\"widget\" data-e-type=\"widget\" data-widget_type=\"heading.default\">\n\t\t\t\t<div class=\"elementor-widget-container\">\n\t\t\t\t\t<h1 class=\"elementor-heading-title elementor-size-default\">Schemal\u00e4ggning <\/h1>\t\t\t\t<\/div>\n\t\t\t\t<\/div>\n\t\t\t\t<div class=\"elementor-element elementor-element-84df608 elementor-widget elementor-widget-text-editor\" data-id=\"84df608\" data-element_type=\"widget\" data-e-type=\"widget\" data-widget_type=\"text-editor.default\">\n\t\t\t\t<div class=\"elementor-widget-container\">\n\t\t\t\t\t\t\t\t\t<p>Planera, schemal\u00e4gg och sp\u00e5ra framsteg f\u00f6r alla dina uppgifter, biljetter och projekt.<\/p>\t\t\t\t\t\t\t\t<\/div>\n\t\t\t\t<\/div>\n\t\t\t\t\t<\/div>\n\t\t<\/div>\n\t\t\t\t\t<\/div>\n\t\t<\/section>\n\t\t\t\t<section class=\"elementor-section elementor-top-section elementor-element elementor-element-3cbb3ce elementor-section-boxed elementor-section-height-default elementor-section-height-default\" data-id=\"3cbb3ce\" data-element_type=\"section\" data-e-type=\"section\">\n\t\t\t\t\t\t<div class=\"elementor-container elementor-column-gap-default\">\n\t\t\t\t\t<div class=\"elementor-column elementor-col-50 elementor-top-column elementor-element elementor-element-9bdc959\" data-id=\"9bdc959\" data-element_type=\"column\" data-e-type=\"column\">\n\t\t\t<div class=\"elementor-widget-wrap elementor-element-populated\">\n\t\t\t\t\t\t<div class=\"elementor-element elementor-element-768e266 elementor-widget elementor-widget-heading\" data-id=\"768e266\" data-element_type=\"widget\" data-e-type=\"widget\" data-widget_type=\"heading.default\">\n\t\t\t\t<div class=\"elementor-widget-container\">\n\t\t\t\t\t<h2 class=\"elementor-heading-title elementor-size-default\">Schemal\u00e4ggning till minut <\/h2>\t\t\t\t<\/div>\n\t\t\t\t<\/div>\n\t\t\t\t<div class=\"elementor-element elementor-element-64c15d4 elementor-widget elementor-widget-text-editor\" data-id=\"64c15d4\" data-element_type=\"widget\" data-e-type=\"widget\" data-widget_type=\"text-editor.default\">\n\t\t\t\t<div class=\"elementor-widget-container\">\n\t\t\t\t\t\t\t\t\t<p>Planera och schemal\u00e4gg dina uppgifter och projekt s\u00e5 att de b\u00f6rjar och slutar p\u00e5 vissa dagar eller tider, direkt <a href=\"https:\/\/onedesk.com\/sv\/till-minuten-schemalaggning\/\">p\u00e5 minut<\/a> . Du kan ocks\u00e5 uppskatta anstr\u00e4ngningen f\u00f6r dina uppgifter med tid eller <a href=\"https:\/\/onedesk.com\/sv\/funktioner-index\/agil-projektledning\/\">smidiga po\u00e4ng<\/a> . N\u00e4r ditt team arbetar med uppgifter och projekt kan de logga tid. N\u00e4r tiden loggas genereras det &#8220;faktiska f\u00f6rloppet&#8221;. Denna funktion l\u00e5ter dig \u00f6vervaka dina planer i j\u00e4mf\u00f6relse med det faktiska arbetet som utf\u00f6rs. <\/p>\t\t\t\t\t\t\t\t<\/div>\n\t\t\t\t<\/div>\n\t\t\t\t\t<\/div>\n\t\t<\/div>\n\t\t\t\t<div class=\"elementor-column elementor-col-50 elementor-top-column elementor-element elementor-element-e17816f\" data-id=\"e17816f\" data-element_type=\"column\" data-e-type=\"column\">\n\t\t\t<div class=\"elementor-widget-wrap elementor-element-populated\">\n\t\t\t\t\t\t<div class=\"elementor-element elementor-element-2c8c703 elementor-widget elementor-widget-image\" data-id=\"2c8c703\" data-element_type=\"widget\" data-e-type=\"widget\" data-widget_type=\"image.default\">\n\t\t\t\t<div class=\"elementor-widget-container\">\n\t\t\t\t\t\t\t\t\t\t\t\t\t\t\t<img fetchpriority=\"high\" decoding=\"async\" width=\"721\" height=\"555\" src=\"https:\/\/onedesk.com\/wp-content\/uploads\/2022\/06\/Finer-Scheduling-2.jpg\" class=\"attachment-large size-large wp-image-234739\" alt=\"\" srcset=\"https:\/\/onedesk.com\/wp-content\/uploads\/2022\/06\/Finer-Scheduling-2.jpg 721w, https:\/\/onedesk.com\/wp-content\/uploads\/2022\/06\/Finer-Scheduling-2-300x231.jpg 300w\" sizes=\"(max-width: 721px) 100vw, 721px\" \/>\t\t\t\t\t\t\t\t\t\t\t\t\t\t\t<\/div>\n\t\t\t\t<\/div>\n\t\t\t\t\t<\/div>\n\t\t<\/div>\n\t\t\t\t\t<\/div>\n\t\t<\/section>\n\t\t\t\t<section class=\"elementor-section elementor-top-section elementor-element elementor-element-0f7f7e8 elementor-section-boxed elementor-section-height-default elementor-section-height-default\" data-id=\"0f7f7e8\" data-element_type=\"section\" data-e-type=\"section\">\n\t\t\t\t\t\t<div class=\"elementor-container elementor-column-gap-default\">\n\t\t\t\t\t<div class=\"elementor-column elementor-col-50 elementor-top-column elementor-element elementor-element-5155869\" data-id=\"5155869\" data-element_type=\"column\" data-e-type=\"column\">\n\t\t\t<div class=\"elementor-widget-wrap elementor-element-populated\">\n\t\t\t\t\t\t<div class=\"elementor-element elementor-element-68fca4e elementor-widget elementor-widget-image\" data-id=\"68fca4e\" data-element_type=\"widget\" data-e-type=\"widget\" data-widget_type=\"image.default\">\n\t\t\t\t<div class=\"elementor-widget-container\">\n\t\t\t\t\t\t\t\t\t\t\t\t\t\t\t<img decoding=\"async\" width=\"679\" height=\"283\" src=\"https:\/\/onedesk.com\/wp-content\/uploads\/2022\/07\/Gantt-Planned-ToolTip.webp\" class=\"attachment-large size-large wp-image-235413\" alt=\"Gantt-diagram projektledning\" srcset=\"https:\/\/onedesk.com\/wp-content\/uploads\/2022\/07\/Gantt-Planned-ToolTip.webp 679w, https:\/\/onedesk.com\/wp-content\/uploads\/2022\/07\/Gantt-Planned-ToolTip-300x125.webp 300w\" sizes=\"(max-width: 679px) 100vw, 679px\" \/>\t\t\t\t\t\t\t\t\t\t\t\t\t\t\t<\/div>\n\t\t\t\t<\/div>\n\t\t\t\t\t<\/div>\n\t\t<\/div>\n\t\t\t\t<div class=\"elementor-column elementor-col-50 elementor-top-column elementor-element elementor-element-ccff82b\" data-id=\"ccff82b\" data-element_type=\"column\" data-e-type=\"column\">\n\t\t\t<div class=\"elementor-widget-wrap elementor-element-populated\">\n\t\t\t\t\t\t<div class=\"elementor-element elementor-element-a7de1d8 elementor-widget elementor-widget-heading\" data-id=\"a7de1d8\" data-element_type=\"widget\" data-e-type=\"widget\" data-widget_type=\"heading.default\">\n\t\t\t\t<div class=\"elementor-widget-container\">\n\t\t\t\t\t<h2 class=\"elementor-heading-title elementor-size-default\">Schemal\u00e4ggning av Gantt-diagram<\/h2>\t\t\t\t<\/div>\n\t\t\t\t<\/div>\n\t\t\t\t<div class=\"elementor-element elementor-element-8993765 elementor-widget elementor-widget-text-editor\" data-id=\"8993765\" data-element_type=\"widget\" data-e-type=\"widget\" data-widget_type=\"text-editor.default\">\n\t\t\t\t<div class=\"elementor-widget-container\">\n\t\t\t\t\t\t\t\t\t<p>Flytta, f\u00f6rminska och ut\u00f6ka dina uppgifter och projekt p\u00e5 <a href=\"https:\/\/onedesk.com\/sv\/funktioner-index\/gantt-diagram\/\">Gantt-diagrammets<\/a> tidslinje f\u00f6r att schemal\u00e4gga dem. Du kan enkelt skapa <a href=\"https:\/\/onedesk.com\/features-index\/task-dependencies\/\">beroenden<\/a> p\u00e5 Gantt-diagrammet som fr\u00e5n b\u00f6rjan till start eller fr\u00e5n b\u00f6rjan till slut. Du kan enkelt \u00f6vervaka de planerade och faktiska framstegen, s\u00e5v\u00e4l som den \u00f6vergripande arbetsbelastningen p\u00e5 Gantt. Den gr\u00f6na representerar faktiska framsteg medan den bl\u00e5 \u00e4r det planerade schemat. <\/p>\t\t\t\t\t\t\t\t<\/div>\n\t\t\t\t<\/div>\n\t\t\t\t\t<\/div>\n\t\t<\/div>\n\t\t\t\t\t<\/div>\n\t\t<\/section>\n\t\t\t\t<section class=\"elementor-section elementor-top-section elementor-element elementor-element-54b333d elementor-section-boxed elementor-section-height-default elementor-section-height-default\" data-id=\"54b333d\" data-element_type=\"section\" data-e-type=\"section\">\n\t\t\t\t\t\t<div class=\"elementor-container elementor-column-gap-default\">\n\t\t\t\t\t<div class=\"elementor-column elementor-col-50 elementor-top-column elementor-element elementor-element-7f052a3\" data-id=\"7f052a3\" data-element_type=\"column\" data-e-type=\"column\">\n\t\t\t<div class=\"elementor-widget-wrap elementor-element-populated\">\n\t\t\t\t\t\t<div class=\"elementor-element elementor-element-2945bc6 elementor-widget elementor-widget-heading\" data-id=\"2945bc6\" data-element_type=\"widget\" data-e-type=\"widget\" data-widget_type=\"heading.default\">\n\t\t\t\t<div class=\"elementor-widget-container\">\n\t\t\t\t\t<h2 class=\"elementor-heading-title elementor-size-default\">Schemal\u00e4ggning med kalendervyn<\/h2>\t\t\t\t<\/div>\n\t\t\t\t<\/div>\n\t\t\t\t<div class=\"elementor-element elementor-element-a5f973d elementor-widget elementor-widget-text-editor\" data-id=\"a5f973d\" data-element_type=\"widget\" data-e-type=\"widget\" data-widget_type=\"text-editor.default\">\n\t\t\t\t<div class=\"elementor-widget-container\">\n\t\t\t\t\t\t\t\t\t<p>Schemal\u00e4gg dina uppgifter med den dagliga, veckovisa eller m\u00e5nadsvisa <a href=\"https:\/\/onedesk.com\/sv\/funktioner-index\/kalender\/\">kalendervyn<\/a> . Som alla vyer i OneDesk (inklusive Gantt), kan du filtrera och konfigurera din kalender ocks\u00e5. Begr\u00e4nsa till exempel vyn f\u00f6r att bara se uppgifter som \u00e4r tilldelade ett specifikt team. Du kan ocks\u00e5 importera eller exportera uppgifter till andra applikationer med <a href=\"https:\/\/onedesk.com\/sv\/videos\/onedesk-kom-igang-integrationer\/\">integrationer.<\/a>&nbsp;<\/p>\t\t\t\t\t\t\t\t<\/div>\n\t\t\t\t<\/div>\n\t\t\t\t\t<\/div>\n\t\t<\/div>\n\t\t\t\t<div class=\"elementor-column elementor-col-50 elementor-top-column elementor-element elementor-element-7edb833\" data-id=\"7edb833\" data-element_type=\"column\" data-e-type=\"column\">\n\t\t\t<div class=\"elementor-widget-wrap elementor-element-populated\">\n\t\t\t\t\t\t<div class=\"elementor-element elementor-element-3ee6758 elementor-widget elementor-widget-image\" data-id=\"3ee6758\" data-element_type=\"widget\" data-e-type=\"widget\" data-widget_type=\"image.default\">\n\t\t\t\t<div class=\"elementor-widget-container\">\n\t\t\t\t\t\t\t\t\t\t\t\t\t\t\t<img decoding=\"async\" width=\"559\" height=\"476\" src=\"https:\/\/onedesk.com\/wp-content\/uploads\/2022\/07\/Calendar-Daily.webp\" class=\"attachment-large size-large wp-image-235500\" alt=\"daglig vy av kalendern\" srcset=\"https:\/\/onedesk.com\/wp-content\/uploads\/2022\/07\/Calendar-Daily.webp 559w, https:\/\/onedesk.com\/wp-content\/uploads\/2022\/07\/Calendar-Daily-300x255.webp 300w\" sizes=\"(max-width: 559px) 100vw, 559px\" \/>\t\t\t\t\t\t\t\t\t\t\t\t\t\t\t<\/div>\n\t\t\t\t<\/div>\n\t\t\t\t\t<\/div>\n\t\t<\/div>\n\t\t\t\t\t<\/div>\n\t\t<\/section>\n\t\t\t\t<section class=\"elementor-section elementor-top-section elementor-element elementor-element-c7f2b48 elementor-section-boxed elementor-section-height-default elementor-section-height-default\" data-id=\"c7f2b48\" data-element_type=\"section\" data-e-type=\"section\">\n\t\t\t\t\t\t<div class=\"elementor-container elementor-column-gap-default\">\n\t\t\t\t\t<div class=\"elementor-column elementor-col-50 elementor-top-column elementor-element elementor-element-cb8501f\" data-id=\"cb8501f\" data-element_type=\"column\" data-e-type=\"column\">\n\t\t\t<div class=\"elementor-widget-wrap elementor-element-populated\">\n\t\t\t\t\t\t<div class=\"elementor-element elementor-element-9862b63 elementor-widget elementor-widget-image\" data-id=\"9862b63\" data-element_type=\"widget\" data-e-type=\"widget\" data-widget_type=\"image.default\">\n\t\t\t\t<div class=\"elementor-widget-container\">\n\t\t\t\t\t\t\t\t\t\t\t\t\t\t\t<img loading=\"lazy\" decoding=\"async\" width=\"557\" height=\"559\" src=\"https:\/\/onedesk.com\/wp-content\/uploads\/2022\/07\/Smart-Scheduling.webp\" class=\"attachment-large size-large wp-image-235400\" alt=\"gantt smart scheduling\" srcset=\"https:\/\/onedesk.com\/wp-content\/uploads\/2022\/07\/Smart-Scheduling.webp 557w, https:\/\/onedesk.com\/wp-content\/uploads\/2022\/07\/Smart-Scheduling-300x300.webp 300w, https:\/\/onedesk.com\/wp-content\/uploads\/2022\/07\/Smart-Scheduling-150x150.webp 150w\" sizes=\"(max-width: 557px) 100vw, 557px\" \/>\t\t\t\t\t\t\t\t\t\t\t\t\t\t\t<\/div>\n\t\t\t\t<\/div>\n\t\t\t\t\t<\/div>\n\t\t<\/div>\n\t\t\t\t<div class=\"elementor-column elementor-col-50 elementor-top-column elementor-element elementor-element-0f8fa1d\" data-id=\"0f8fa1d\" data-element_type=\"column\" data-e-type=\"column\">\n\t\t\t<div class=\"elementor-widget-wrap elementor-element-populated\">\n\t\t\t\t\t\t<div class=\"elementor-element elementor-element-f43c8ae elementor-widget elementor-widget-heading\" data-id=\"f43c8ae\" data-element_type=\"widget\" data-e-type=\"widget\" data-widget_type=\"heading.default\">\n\t\t\t\t<div class=\"elementor-widget-container\">\n\t\t\t\t\t<h2 class=\"elementor-heading-title elementor-size-default\">Smart schemal\u00e4ggning<\/h2>\t\t\t\t<\/div>\n\t\t\t\t<\/div>\n\t\t\t\t<div class=\"elementor-element elementor-element-ee803bf elementor-widget elementor-widget-text-editor\" data-id=\"ee803bf\" data-element_type=\"widget\" data-e-type=\"widget\" data-widget_type=\"text-editor.default\">\n\t\t\t\t<div class=\"elementor-widget-container\">\n\t\t\t\t\t\t\t\t\t<p>Det smarta schemal\u00e4ggningsverktyget \u00e4r tillg\u00e4ngligt i din Gantt-vy. Smart schemal\u00e4ggning sparar tid och anstr\u00e4ngning. Det schemal\u00e4gger automatiskt uppgifter i dina projekt f\u00f6r att minimera projektets varaktighet, med h\u00e4nsyn till uppgiftsberoende. <\/p>\t\t\t\t\t\t\t\t<\/div>\n\t\t\t\t<\/div>\n\t\t\t\t\t<\/div>\n\t\t<\/div>\n\t\t\t\t\t<\/div>\n\t\t<\/section>\n\t\t\t\t<\/div>\n\t\t","protected":false},"excerpt":{"rendered":"<p>Schemal\u00e4ggning Planera, schemal\u00e4gg och sp\u00e5ra framsteg f\u00f6r alla dina uppgifter, biljetter och projekt. Schemal\u00e4ggning till minut Planera och schemal\u00e4gg dina uppgifter och projekt s\u00e5 att de b\u00f6rjar och slutar p\u00e5 vissa dagar eller tider, direkt p\u00e5 minut . Du kan ocks\u00e5 uppskatta anstr\u00e4ngningen f\u00f6r dina uppgifter med tid eller smidiga po\u00e4ng . N\u00e4r ditt team [&hellip;]<\/p>\n","protected":false},"author":30,"featured_media":0,"parent":151688,"menu_order":0,"comment_status":"closed","ping_status":"closed","template":"","meta":{"tpgb_global_settings":"","_crdt_document":"","inline_featured_image":false,"site-sidebar-layout":"no-sidebar","site-content-layout":"page-builder","ast-site-content-layout":"default","site-content-style":"default","site-sidebar-style":"default","ast-global-header-display":"","ast-banner-title-visibility":"","ast-main-header-display":"","ast-hfb-above-header-display":"","ast-hfb-below-header-display":"","ast-hfb-mobile-header-display":"","site-post-title":"disabled","ast-breadcrumbs-content":"","ast-featured-img":"disabled","footer-sml-layout":"","ast-disable-related-posts":"","theme-transparent-header-meta":"","adv-header-id-meta":"","stick-header-meta":"","header-above-stick-meta":"","header-main-stick-meta":"","header-below-stick-meta":"","astra-migrate-meta-layouts":"default","ast-page-background-enabled":"default","ast-page-background-meta":{"desktop":{"background-color":"var(--ast-global-color-4)","background-image":"","background-repeat":"repeat","background-position":"center center","background-size":"auto","background-attachment":"scroll","background-type":"","background-media":"","overlay-type":"","overlay-color":"","overlay-opacity":"","overlay-gradient":""},"tablet":{"background-color":"","background-image":"","background-repeat":"repeat","background-position":"center center","background-size":"auto","background-attachment":"scroll","background-type":"","background-media":"","overlay-type":"","overlay-color":"","overlay-opacity":"","overlay-gradient":""},"mobile":{"background-color":"","background-image":"","background-repeat":"repeat","background-position":"center center","background-size":"auto","background-attachment":"scroll","background-type":"","background-media":"","overlay-type":"","overlay-color":"","overlay-opacity":"","overlay-gradient":""}},"ast-content-background-meta":{"desktop":{"background-color":"var(--ast-global-color-5)","background-image":"","background-repeat":"repeat","background-position":"center center","background-size":"auto","background-attachment":"scroll","background-type":"","background-media":"","overlay-type":"","overlay-color":"","overlay-opacity":"","overlay-gradient":""},"tablet":{"background-color":"var(--ast-global-color-5)","background-image":"","background-repeat":"repeat","background-position":"center center","background-size":"auto","background-attachment":"scroll","background-type":"","background-media":"","overlay-type":"","overlay-color":"","overlay-opacity":"","overlay-gradient":""},"mobile":{"background-color":"var(--ast-global-color-5)","background-image":"","background-repeat":"repeat","background-position":"center center","background-size":"auto","background-attachment":"scroll","background-type":"","background-media":"","overlay-type":"","overlay-color":"","overlay-opacity":"","overlay-gradient":""}},"footnotes":""},"class_list":["post-236256","page","type-page","status-publish","hentry"],"yoast_head":"<!-- This site is optimized with the Yoast SEO Premium plugin v27.2 (Yoast SEO v27.3) - https:\/\/yoast.com\/product\/yoast-seo-premium-wordpress\/ -->\n<title>Schemal\u00e4ggning | Funktioner | OneDesk - Help Desk &amp; Projektledning<\/title>\n<meta name=\"description\" content=\"OneDesk \u00e4r helpdesk och projektledning i en applikation. Planera och schemal\u00e4gg dina uppgifter och projekt med m\u00e5ngsidiga schemal\u00e4ggningsfunktioner.\" \/>\n<meta name=\"robots\" content=\"index, follow, max-snippet:-1, max-image-preview:large, max-video-preview:-1\" \/>\n<link rel=\"canonical\" href=\"https:\/\/onedesk.com\/sv\/funktioner-index\/schemalaggning\/\" \/>\n<meta property=\"og:locale\" content=\"sv_SE\" \/>\n<meta property=\"og:type\" content=\"article\" \/>\n<meta property=\"og:title\" content=\"Schemal\u00e4ggning | Funktioner | OneDesk - Help Desk &amp; Projektledning\" \/>\n<meta property=\"og:description\" content=\"OneDesk \u00e4r helpdesk och projektledning i en applikation. Planera och schemal\u00e4gg dina uppgifter och projekt med m\u00e5ngsidiga schemal\u00e4ggningsfunktioner.\" \/>\n<meta property=\"og:url\" content=\"https:\/\/onedesk.com\/sv\/funktioner-index\/schemalaggning\/\" \/>\n<meta property=\"og:site_name\" content=\"OneDesk\" \/>\n<meta property=\"article:publisher\" content=\"https:\/\/www.facebook.com\/OneDeskApp\" \/>\n<meta property=\"article:modified_time\" content=\"2022-07-07T21:52:15+00:00\" \/>\n<meta property=\"og:image\" content=\"https:\/\/onedesk.com\/wp-content\/uploads\/2022\/06\/Finer-Scheduling-2.jpg\" \/>\n<meta name=\"twitter:card\" content=\"summary_large_image\" \/>\n<meta name=\"twitter:site\" content=\"@OneDeskApp\" \/>\n<meta name=\"twitter:label1\" content=\"Est. reading time\" \/>\n\t<meta name=\"twitter:data1\" content=\"1 minute\" \/>\n<!-- \/ Yoast SEO Premium plugin. -->","yoast_head_json":{"title":"Schemal\u00e4ggning | Funktioner | OneDesk - Help Desk & Projektledning","description":"OneDesk \u00e4r helpdesk och projektledning i en applikation. Planera och schemal\u00e4gg dina uppgifter och projekt med m\u00e5ngsidiga schemal\u00e4ggningsfunktioner.","robots":{"index":"index","follow":"follow","max-snippet":"max-snippet:-1","max-image-preview":"max-image-preview:large","max-video-preview":"max-video-preview:-1"},"canonical":"https:\/\/onedesk.com\/sv\/funktioner-index\/schemalaggning\/","og_locale":"sv_SE","og_type":"article","og_title":"Schemal\u00e4ggning | Funktioner | OneDesk - Help Desk & Projektledning","og_description":"OneDesk \u00e4r helpdesk och projektledning i en applikation. Planera och schemal\u00e4gg dina uppgifter och projekt med m\u00e5ngsidiga schemal\u00e4ggningsfunktioner.","og_url":"https:\/\/onedesk.com\/sv\/funktioner-index\/schemalaggning\/","og_site_name":"OneDesk","article_publisher":"https:\/\/www.facebook.com\/OneDeskApp","article_modified_time":"2022-07-07T21:52:15+00:00","og_image":[{"url":"https:\/\/onedesk.com\/wp-content\/uploads\/2022\/06\/Finer-Scheduling-2.jpg","type":"","width":"","height":""}],"twitter_card":"summary_large_image","twitter_site":"@OneDeskApp","twitter_misc":{"Est. reading time":"1 minute"},"schema":{"@context":"https:\/\/schema.org","@graph":[{"@type":"WebPage","@id":"https:\/\/onedesk.com\/sv\/funktioner-index\/schemalaggning\/","url":"https:\/\/onedesk.com\/sv\/funktioner-index\/schemalaggning\/","name":"Schemal\u00e4ggning | Funktioner | OneDesk - Help Desk & Projektledning","isPartOf":{"@id":"https:\/\/onedesk.com\/sv\/#website"},"primaryImageOfPage":{"@id":"https:\/\/onedesk.com\/sv\/funktioner-index\/schemalaggning\/#primaryimage"},"image":{"@id":"https:\/\/onedesk.com\/sv\/funktioner-index\/schemalaggning\/#primaryimage"},"thumbnailUrl":"https:\/\/onedesk.com\/wp-content\/uploads\/2022\/06\/Finer-Scheduling-2.jpg","datePublished":"2022-07-07T21:52:14+00:00","dateModified":"2022-07-07T21:52:15+00:00","description":"OneDesk \u00e4r helpdesk och projektledning i en applikation. Planera och schemal\u00e4gg dina uppgifter och projekt med m\u00e5ngsidiga schemal\u00e4ggningsfunktioner.","breadcrumb":{"@id":"https:\/\/onedesk.com\/sv\/funktioner-index\/schemalaggning\/#breadcrumb"},"inLanguage":"sv-SE","potentialAction":[{"@type":"ReadAction","target":["https:\/\/onedesk.com\/sv\/funktioner-index\/schemalaggning\/"]}]},{"@type":"ImageObject","inLanguage":"sv-SE","@id":"https:\/\/onedesk.com\/sv\/funktioner-index\/schemalaggning\/#primaryimage","url":"https:\/\/onedesk.com\/wp-content\/uploads\/2022\/06\/Finer-Scheduling-2.jpg","contentUrl":"https:\/\/onedesk.com\/wp-content\/uploads\/2022\/06\/Finer-Scheduling-2.jpg"},{"@type":"BreadcrumbList","@id":"https:\/\/onedesk.com\/sv\/funktioner-index\/schemalaggning\/#breadcrumb","itemListElement":[{"@type":"ListItem","position":1,"name":"OneDesk Funktionsindex","item":"https:\/\/onedesk.com\/sv\/funktioner-index\/"},{"@type":"ListItem","position":2,"name":"Schemal\u00e4ggning"}]},{"@type":"WebSite","@id":"https:\/\/onedesk.com\/sv\/#website","url":"https:\/\/onedesk.com\/sv\/","name":"OneDesk","description":"Projektledning &amp; Helpdesk-programvara","publisher":{"@id":"https:\/\/onedesk.com\/sv\/#organization"},"potentialAction":[{"@type":"SearchAction","target":{"@type":"EntryPoint","urlTemplate":"https:\/\/onedesk.com\/sv\/?s={search_term_string}"},"query-input":{"@type":"PropertyValueSpecification","valueRequired":true,"valueName":"search_term_string"}}],"inLanguage":"sv-SE"},{"@type":"Organization","@id":"https:\/\/onedesk.com\/sv\/#organization","name":"OneDesk","url":"https:\/\/onedesk.com\/sv\/","logo":{"@type":"ImageObject","inLanguage":"sv-SE","@id":"https:\/\/onedesk.com\/sv\/#\/schema\/logo\/image\/","url":"https:\/\/onedesk.com\/wp-content\/uploads\/2016\/01\/white-logo-small.png","contentUrl":"https:\/\/onedesk.com\/wp-content\/uploads\/2016\/01\/white-logo-small.png","width":207,"height":40,"caption":"OneDesk"},"image":{"@id":"https:\/\/onedesk.com\/sv\/#\/schema\/logo\/image\/"},"sameAs":["https:\/\/www.facebook.com\/OneDeskApp","https:\/\/x.com\/OneDeskApp","https:\/\/www.instagram.com\/onedeskapp\/","https:\/\/www.linkedin.com\/company\/onedesk-inc-1","https:\/\/www.pinterest.com\/onedesk\/","https:\/\/www.youtube.com\/user\/OneDeskApp"]}]}},"tpgb_featured_images":null,"tpgb_post_meta_info":{"get_date":"July 7, 2022","get_modified_date":"July 7, 2022","author_name":"Erin Richardson","author_url":"https:\/\/onedesk.com\/sv\/author\/erin-richardsononedesk-com\/","author_email":"erin.richardson@onedesk.com","author_website":"","author_description":"","author_facebook":"","author_twitter":"","author_instagram":"","author_role":["administrator"],"author_firstname":"Erin","author_lastname":"Richardson","user_login":"erin.richardson@onedesk.com","author_avatar":"<img alt='' src='https:\/\/secure.gravatar.com\/avatar\/5b43ac2756efc1d5aa46746163fa71ceee43f42a78652ebc70940d512d77cba0?s=200&#038;d=mm&#038;r=g' srcset='https:\/\/secure.gravatar.com\/avatar\/5b43ac2756efc1d5aa46746163fa71ceee43f42a78652ebc70940d512d77cba0?s=400&#038;d=mm&#038;r=g 2x' class='avatar avatar-200 photo' height='200' width='200' decoding='async'\/>","author_avatar_url":"https:\/\/secure.gravatar.com\/avatar\/5b43ac2756efc1d5aa46746163fa71ceee43f42a78652ebc70940d512d77cba0?s=96&d=mm&r=g","comment_count":0,"post_likes":0,"post_views":0},"tpgb_post_category":[],"jetpack_shortlink":"https:\/\/wp.me\/PfpPaI-ZsA","amp_enabled":true,"_links":{"self":[{"href":"https:\/\/onedesk.com\/sv\/wp-json\/wp\/v2\/pages\/236256","targetHints":{"allow":["GET"]}}],"collection":[{"href":"https:\/\/onedesk.com\/sv\/wp-json\/wp\/v2\/pages"}],"about":[{"href":"https:\/\/onedesk.com\/sv\/wp-json\/wp\/v2\/types\/page"}],"author":[{"embeddable":true,"href":"https:\/\/onedesk.com\/sv\/wp-json\/wp\/v2\/users\/30"}],"replies":[{"embeddable":true,"href":"https:\/\/onedesk.com\/sv\/wp-json\/wp\/v2\/comments?post=236256"}],"version-history":[{"count":1,"href":"https:\/\/onedesk.com\/sv\/wp-json\/wp\/v2\/pages\/236256\/revisions"}],"predecessor-version":[{"id":236257,"href":"https:\/\/onedesk.com\/sv\/wp-json\/wp\/v2\/pages\/236256\/revisions\/236257"}],"up":[{"embeddable":true,"href":"https:\/\/onedesk.com\/sv\/wp-json\/wp\/v2\/pages\/151688"}],"wp:attachment":[{"href":"https:\/\/onedesk.com\/sv\/wp-json\/wp\/v2\/media?parent=236256"}],"curies":[{"name":"wp","href":"https:\/\/api.w.org\/{rel}","templated":true}]}}