{"id":259323,"date":"2023-09-28T18:46:29","date_gmt":"2023-09-28T18:46:29","guid":{"rendered":"https:\/\/onedesk.com\/losningar\/kundservice-hantering\/"},"modified":"2023-09-28T18:46:29","modified_gmt":"2023-09-28T18:46:29","slug":"kundservice-hantering","status":"publish","type":"page","link":"https:\/\/onedesk.com\/sv\/losningar\/kundservice-hantering\/","title":{"rendered":"Kundtj\u00e4nsthantering"},"content":{"rendered":"<p><img fetchpriority=\"high\" decoding=\"async\" class=\"aligncenter size-full wp-image-47364\" src=\"https:\/\/onedesk.com\/wp-content\/uploads\/2020\/02\/support-2355701_1280.jpg\" alt=\"Programvara f\u00f6r kundtj\u00e4nsthantering\" width=\"640\" height=\"427\" srcset=\"https:\/\/onedesk.com\/wp-content\/uploads\/2020\/02\/support-2355701_1280.jpg 1280w, https:\/\/onedesk.com\/wp-content\/uploads\/2020\/02\/support-2355701_1280-300x200.jpg 300w, https:\/\/onedesk.com\/wp-content\/uploads\/2020\/02\/support-2355701_1280-1024x682.jpg 1024w, https:\/\/onedesk.com\/wp-content\/uploads\/2020\/02\/support-2355701_1280-768x512.jpg 768w, https:\/\/onedesk.com\/wp-content\/uploads\/2020\/02\/support-2355701_1280-450x300.jpg 450w, https:\/\/onedesk.com\/wp-content\/uploads\/2020\/02\/support-2355701_1280-1140x760.jpg 1140w, https:\/\/onedesk.com\/wp-content\/uploads\/2020\/02\/support-2355701_1280-255x170.jpg 255w, https:\/\/onedesk.com\/wp-content\/uploads\/2020\/02\/support-2355701_1280-120x80.jpg 120w, https:\/\/onedesk.com\/wp-content\/uploads\/2020\/02\/support-2355701_1280-60x40.jpg 60w, https:\/\/onedesk.com\/wp-content\/uploads\/2020\/02\/support-2355701_1280-480x320.jpg 480w, https:\/\/onedesk.com\/wp-content\/uploads\/2020\/02\/support-2355701_1280-500x333.jpg 500w, https:\/\/onedesk.com\/wp-content\/uploads\/2020\/02\/support-2355701_1280-750x500.jpg 750w, https:\/\/onedesk.com\/wp-content\/uploads\/2020\/02\/support-2355701_1280-360x240.jpg 360w\" sizes=\"(max-width: 640px) 100vw, 640px\" \/><\/p>\n<p>Automatisera och effektivisera din kundtj\u00e4nsthantering f\u00f6r att leverera h\u00f6gkvalitativ support, minska kostnaderna och h\u00e5lla kunderna n\u00f6jda. Kundservice kan vara en arbetsintensiv str\u00e4van men kr\u00e4vs \u00e4nd\u00e5 f\u00f6r att beh\u00e5lla kunderna och h\u00e5lla dem n\u00f6jda. Med kundsupport som flyttar till webben r\u00e4cker det inte f\u00f6r f\u00f6retag att bara svara p\u00e5 inkommande f\u00f6rfr\u00e5gningar. I allt h\u00f6gre grad f\u00e5r kunder och potentiella kunder sina svar \u00f6ver hela webben och via flera nya kanaler.<\/p>\n<h3>Customer Service Management erbjuder m\u00e5nga utmaningar, inklusive:<\/h3>\n<ul>\n<li>Utbilda supportteamet f\u00f6r att ge utm\u00e4rkt kundservice.<\/li>\n<li>Att h\u00e5lla kostnaderna under kontroll, \u00e4ven n\u00e4r resurserna minskar och f\u00f6rfr\u00e5gningarna blir snabbare.<\/li>\n<li>Str\u00e4var efter att minska svarstiden utan att offra kvaliteten p\u00e5 uppl\u00f6sningarna.<\/li>\n<li>Effektivt kommunicera kundfr\u00e5gor och \u00f6nskem\u00e5l till andra avdelningar i f\u00f6retaget inklusive f\u00f6rs\u00e4ljning, produkthantering och professionella tj\u00e4nster.<\/li>\n<li>Regelbundet utv\u00e4rdera kundn\u00f6jdheten och implementera policyer som syftar till att f\u00f6rb\u00e4ttra den.<\/li>\n<li>Utveckla en kunskapsbas som adresserar de vanligaste f\u00f6rfr\u00e5gningarna.<\/li>\n<\/ul>\n<p>&nbsp;<\/p>\n<h3>F\u00f6r f\u00f6retag som kan m\u00f6ta dessa utmaningar \u00e4r f\u00f6rdelarna och m\u00f6jligheterna betydande:<\/h3>\n<ul>\n<li>Ge support av h\u00f6gre kvalitet utan att \u00f6ka kostnaderna eller anst\u00e4lla ytterligare supportteammedlemmar.<\/li>\n<li>Minska svarstiden och f\u00f6lja serviceniv\u00e5avtal.<\/li>\n<li>Testa och utv\u00e4rdera supportinitiativ som leder till \u00f6kad kundn\u00f6jdhet.<\/li>\n<li>N\u00f6jda kunder leder till \u00e5terkommande aff\u00e4rer, minskar f\u00f6rs\u00e4ljningskostnaderna och \u00f6kar int\u00e4kterna.<\/li>\n<li>Lojala kunder ber\u00e4ttar f\u00f6r andra och tillhandah\u00e5ller den billigaste och mest effektiva formen av marknadsf\u00f6ring.<\/li>\n<\/ul>\n<h3>OneDesk tillhandah\u00e5ller verktygen f\u00f6r att \u00f6vervinna utmaningarna med kundtj\u00e4nsthantering. H\u00e4r \u00e4r hur:<\/h3>\n<ul>\n<li>Skapa och tilldela fr\u00e5gor, biljetter och uppgifter till dina teammedlemmar och hantera arbetsfl\u00f6det p\u00e5 serviceavdelningen.<\/li>\n<li>Flytta kundsupport till webben och tillhandah\u00e5ll en communityportal p\u00e5 din webbplats d\u00e4r kunder kan skicka f\u00f6rfr\u00e5gningar och diskutera l\u00f6sningar.<\/li>\n<li>Publicera och kategorisera supportartiklar s\u00e5 att kunderna kan uppt\u00e4cka l\u00f6sningar p\u00e5 vanliga problem p\u00e5 egen hand.<\/li>\n<li>Automatisera svarscykeln med en kraftfull och flexibel automationsmotor som f\u00f6ljer reglerna och svarsmallarna f\u00f6r ditt f\u00f6retag.<\/li>\n<li>Vidarebefordra kundmail eller l\u00e5t kunder skicka e-post direkt till ditt OneDesk-konto.<\/li>\n<li>L\u00e5t kunderna hj\u00e4lpa varandra genom att \u00f6ppna diskussioner om fr\u00e5gor och id\u00e9er. Markera sedan bara ett svar som &#8220;b\u00e4sta svar&#8221;.<\/li>\n<li>Koppla kundfr\u00e5gor direkt till krav och uppgifter s\u00e5 att de \u00e4r synliga f\u00f6r andra avdelningar \u00e4n kundtj\u00e4nst: F\u00f6rs\u00e4ljning, marknadsf\u00f6ring, produktledning och chefer.<\/li>\n<\/ul>\n","protected":false},"excerpt":{"rendered":"<p>Automatisera och effektivisera din kundtj\u00e4nsthantering f\u00f6r att leverera h\u00f6gkvalitativ support, minska kostnaderna och h\u00e5lla kunderna n\u00f6jda. Kundservice kan vara en arbetsintensiv str\u00e4van men kr\u00e4vs \u00e4nd\u00e5 f\u00f6r att beh\u00e5lla kunderna och h\u00e5lla dem n\u00f6jda. Med kundsupport som flyttar till webben r\u00e4cker det inte f\u00f6r f\u00f6retag att bara svara p\u00e5 inkommande f\u00f6rfr\u00e5gningar. I allt h\u00f6gre grad f\u00e5r [&hellip;]<\/p>\n","protected":false},"author":2,"featured_media":0,"parent":114917,"menu_order":1,"comment_status":"closed","ping_status":"open","template":"","meta":{"tpgb_global_settings":"","_crdt_document":"","inline_featured_image":false,"site-sidebar-layout":"default","site-content-layout":"","ast-site-content-layout":"default","site-content-style":"default","site-sidebar-style":"default","ast-global-header-display":"","ast-banner-title-visibility":"","ast-main-header-display":"","ast-hfb-above-header-display":"","ast-hfb-below-header-display":"","ast-hfb-mobile-header-display":"","site-post-title":"","ast-breadcrumbs-content":"","ast-featured-img":"","footer-sml-layout":"","ast-disable-related-posts":"","theme-transparent-header-meta":"","adv-header-id-meta":"","stick-header-meta":"","header-above-stick-meta":"","header-main-stick-meta":"","header-below-stick-meta":"","astra-migrate-meta-layouts":"default","ast-page-background-enabled":"default","ast-page-background-meta":{"desktop":{"background-color":"var(--ast-global-color-4)","background-image":"","background-repeat":"repeat","background-position":"center center","background-size":"auto","background-attachment":"scroll","background-type":"","background-media":"","overlay-type":"","overlay-color":"","overlay-opacity":"","overlay-gradient":""},"tablet":{"background-color":"","background-image":"","background-repeat":"repeat","background-position":"center center","background-size":"auto","background-attachment":"scroll","background-type":"","background-media":"","overlay-type":"","overlay-color":"","overlay-opacity":"","overlay-gradient":""},"mobile":{"background-color":"","background-image":"","background-repeat":"repeat","background-position":"center center","background-size":"auto","background-attachment":"scroll","background-type":"","background-media":"","overlay-type":"","overlay-color":"","overlay-opacity":"","overlay-gradient":""}},"ast-content-background-meta":{"desktop":{"background-color":"var(--ast-global-color-5)","background-image":"","background-repeat":"repeat","background-position":"center center","background-size":"auto","background-attachment":"scroll","background-type":"","background-media":"","overlay-type":"","overlay-color":"","overlay-opacity":"","overlay-gradient":""},"tablet":{"background-color":"var(--ast-global-color-5)","background-image":"","background-repeat":"repeat","background-position":"center center","background-size":"auto","background-attachment":"scroll","background-type":"","background-media":"","overlay-type":"","overlay-color":"","overlay-opacity":"","overlay-gradient":""},"mobile":{"background-color":"var(--ast-global-color-5)","background-image":"","background-repeat":"repeat","background-position":"center center","background-size":"auto","background-attachment":"scroll","background-type":"","background-media":"","overlay-type":"","overlay-color":"","overlay-opacity":"","overlay-gradient":""}},"footnotes":""},"class_list":["post-259323","page","type-page","status-publish","hentry"],"yoast_head":"<!-- This site is optimized with the Yoast SEO Premium plugin v27.3 (Yoast SEO v27.4) - https:\/\/yoast.com\/product\/yoast-seo-premium-wordpress\/ -->\n<title>Customer Service Management Help Desk Software Solution | OneDesk<\/title>\n<meta name=\"description\" content=\"Good Customer Service Management programvara \u00e4r nyckeln till att leverera bra kundsupport. OneDesk ger dig verktygen f\u00f6r att st\u00f6dja dina kunder utan anstr\u00e4ngning\" \/>\n<meta name=\"robots\" content=\"index, follow, max-snippet:-1, max-image-preview:large, max-video-preview:-1\" \/>\n<link rel=\"canonical\" href=\"https:\/\/onedesk.com\/sv\/losningar\/kundservice-hantering\/\" \/>\n<meta property=\"og:locale\" content=\"sv_SE\" \/>\n<meta property=\"og:type\" content=\"article\" \/>\n<meta property=\"og:title\" content=\"Customer Service Management Help Desk Software Solution | OneDesk\" \/>\n<meta property=\"og:description\" content=\"Good Customer Service Management programvara \u00e4r nyckeln till att leverera bra kundsupport. OneDesk ger dig verktygen f\u00f6r att st\u00f6dja dina kunder utan anstr\u00e4ngning\" \/>\n<meta property=\"og:url\" content=\"https:\/\/onedesk.com\/sv\/losningar\/kundservice-hantering\/\" \/>\n<meta property=\"og:site_name\" content=\"OneDesk\" \/>\n<meta property=\"article:publisher\" content=\"https:\/\/www.facebook.com\/OneDeskApp\" \/>\n<meta property=\"og:image\" content=\"https:\/\/onedesk.com\/wp-content\/uploads\/2020\/02\/support-2355701_1280.jpg\" \/>\n<meta name=\"twitter:card\" content=\"summary_large_image\" \/>\n<meta name=\"twitter:site\" content=\"@OneDeskApp\" \/>\n<meta name=\"twitter:label1\" content=\"Est. reading time\" \/>\n\t<meta name=\"twitter:data1\" content=\"2 minutes\" \/>\n<!-- \/ Yoast SEO Premium plugin. -->","yoast_head_json":{"title":"Customer Service Management Help Desk Software Solution | OneDesk","description":"Good Customer Service Management programvara \u00e4r nyckeln till att leverera bra kundsupport. OneDesk ger dig verktygen f\u00f6r att st\u00f6dja dina kunder utan anstr\u00e4ngning","robots":{"index":"index","follow":"follow","max-snippet":"max-snippet:-1","max-image-preview":"max-image-preview:large","max-video-preview":"max-video-preview:-1"},"canonical":"https:\/\/onedesk.com\/sv\/losningar\/kundservice-hantering\/","og_locale":"sv_SE","og_type":"article","og_title":"Customer Service Management Help Desk Software Solution | OneDesk","og_description":"Good Customer Service Management programvara \u00e4r nyckeln till att leverera bra kundsupport. OneDesk ger dig verktygen f\u00f6r att st\u00f6dja dina kunder utan anstr\u00e4ngning","og_url":"https:\/\/onedesk.com\/sv\/losningar\/kundservice-hantering\/","og_site_name":"OneDesk","article_publisher":"https:\/\/www.facebook.com\/OneDeskApp","og_image":[{"url":"https:\/\/onedesk.com\/wp-content\/uploads\/2020\/02\/support-2355701_1280.jpg","type":"","width":"","height":""}],"twitter_card":"summary_large_image","twitter_site":"@OneDeskApp","twitter_misc":{"Est. reading time":"2 minutes"},"schema":{"@context":"https:\/\/schema.org","@graph":[{"@type":"WebPage","@id":"https:\/\/onedesk.com\/sv\/losningar\/kundservice-hantering\/","url":"https:\/\/onedesk.com\/sv\/losningar\/kundservice-hantering\/","name":"Customer Service Management Help Desk Software Solution | OneDesk","isPartOf":{"@id":"https:\/\/onedesk.com\/sv\/#website"},"primaryImageOfPage":{"@id":"https:\/\/onedesk.com\/sv\/losningar\/kundservice-hantering\/#primaryimage"},"image":{"@id":"https:\/\/onedesk.com\/sv\/losningar\/kundservice-hantering\/#primaryimage"},"thumbnailUrl":"https:\/\/onedesk.com\/wp-content\/uploads\/2020\/02\/support-2355701_1280.jpg","datePublished":"2023-09-28T18:46:29+00:00","description":"Good Customer Service Management programvara \u00e4r nyckeln till att leverera bra kundsupport. OneDesk ger dig verktygen f\u00f6r att st\u00f6dja dina kunder utan anstr\u00e4ngning","breadcrumb":{"@id":"https:\/\/onedesk.com\/sv\/losningar\/kundservice-hantering\/#breadcrumb"},"inLanguage":"sv-SE","potentialAction":[{"@type":"ReadAction","target":["https:\/\/onedesk.com\/sv\/losningar\/kundservice-hantering\/"]}]},{"@type":"ImageObject","inLanguage":"sv-SE","@id":"https:\/\/onedesk.com\/sv\/losningar\/kundservice-hantering\/#primaryimage","url":"https:\/\/onedesk.com\/wp-content\/uploads\/2020\/02\/support-2355701_1280.jpg","contentUrl":"https:\/\/onedesk.com\/wp-content\/uploads\/2020\/02\/support-2355701_1280.jpg"},{"@type":"BreadcrumbList","@id":"https:\/\/onedesk.com\/sv\/losningar\/kundservice-hantering\/#breadcrumb","itemListElement":[{"@type":"ListItem","position":1,"name":"Projektledning &amp; Helpdesk-l\u00f6sningar","item":"https:\/\/onedesk.com\/sv\/solutions\/"},{"@type":"ListItem","position":2,"name":"Kundtj\u00e4nsthantering"}]},{"@type":"WebSite","@id":"https:\/\/onedesk.com\/sv\/#website","url":"https:\/\/onedesk.com\/sv\/","name":"OneDesk","description":"Projektledning &amp; Helpdesk-programvara","publisher":{"@id":"https:\/\/onedesk.com\/sv\/#organization"},"potentialAction":[{"@type":"SearchAction","target":{"@type":"EntryPoint","urlTemplate":"https:\/\/onedesk.com\/sv\/?s={search_term_string}"},"query-input":{"@type":"PropertyValueSpecification","valueRequired":true,"valueName":"search_term_string"}}],"inLanguage":"sv-SE"},{"@type":"Organization","@id":"https:\/\/onedesk.com\/sv\/#organization","name":"OneDesk","url":"https:\/\/onedesk.com\/sv\/","logo":{"@type":"ImageObject","inLanguage":"sv-SE","@id":"https:\/\/onedesk.com\/sv\/#\/schema\/logo\/image\/","url":"https:\/\/onedesk.com\/wp-content\/uploads\/2016\/01\/white-logo-small.png","contentUrl":"https:\/\/onedesk.com\/wp-content\/uploads\/2016\/01\/white-logo-small.png","width":207,"height":40,"caption":"OneDesk"},"image":{"@id":"https:\/\/onedesk.com\/sv\/#\/schema\/logo\/image\/"},"sameAs":["https:\/\/www.facebook.com\/OneDeskApp","https:\/\/x.com\/OneDeskApp","https:\/\/www.instagram.com\/onedeskapp\/","https:\/\/www.linkedin.com\/company\/onedesk-inc-1","https:\/\/www.pinterest.com\/onedesk\/","https:\/\/www.youtube.com\/user\/OneDeskApp"]}]}},"tpgb_featured_images":null,"tpgb_post_meta_info":{"get_date":"September 28, 2023","get_modified_date":"September 28, 2023","author_name":"Derek","author_url":"https:\/\/onedesk.com\/sv\/author\/derekonedesk-com\/","author_email":"derek@onedesk.com","author_website":"","author_description":"","author_facebook":"","author_twitter":"","author_instagram":"","author_role":["administrator"],"author_firstname":"Derek","author_lastname":"","user_login":"derek@onedesk.com","author_avatar":"<img alt='' src='https:\/\/secure.gravatar.com\/avatar\/457ebef17878f2246da5e4df1ab1420e949ee125154dfb140a3f3ce911b0ef71?s=200&#038;d=mm&#038;r=g' srcset='https:\/\/secure.gravatar.com\/avatar\/457ebef17878f2246da5e4df1ab1420e949ee125154dfb140a3f3ce911b0ef71?s=400&#038;d=mm&#038;r=g 2x' class='avatar avatar-200 photo' height='200' width='200' decoding='async'\/>","author_avatar_url":"https:\/\/secure.gravatar.com\/avatar\/457ebef17878f2246da5e4df1ab1420e949ee125154dfb140a3f3ce911b0ef71?s=96&d=mm&r=g","comment_count":0,"post_likes":0,"post_views":0},"tpgb_post_category":[],"jetpack_shortlink":"https:\/\/wp.me\/PfpPaI-15sD","amp_enabled":true,"_links":{"self":[{"href":"https:\/\/onedesk.com\/sv\/wp-json\/wp\/v2\/pages\/259323","targetHints":{"allow":["GET"]}}],"collection":[{"href":"https:\/\/onedesk.com\/sv\/wp-json\/wp\/v2\/pages"}],"about":[{"href":"https:\/\/onedesk.com\/sv\/wp-json\/wp\/v2\/types\/page"}],"author":[{"embeddable":true,"href":"https:\/\/onedesk.com\/sv\/wp-json\/wp\/v2\/users\/2"}],"replies":[{"embeddable":true,"href":"https:\/\/onedesk.com\/sv\/wp-json\/wp\/v2\/comments?post=259323"}],"version-history":[{"count":0,"href":"https:\/\/onedesk.com\/sv\/wp-json\/wp\/v2\/pages\/259323\/revisions"}],"up":[{"embeddable":true,"href":"https:\/\/onedesk.com\/sv\/wp-json\/wp\/v2\/pages\/114917"}],"wp:attachment":[{"href":"https:\/\/onedesk.com\/sv\/wp-json\/wp\/v2\/media?parent=259323"}],"curies":[{"name":"wp","href":"https:\/\/api.w.org\/{rel}","templated":true}]}}